{"id":4265,"date":"2025-12-05T15:30:14","date_gmt":"2025-12-05T15:30:14","guid":{"rendered":"https:\/\/darkseagreen-hawk-363245.hostingersite.com\/blog\/"},"modified":"2025-12-16T13:18:22","modified_gmt":"2025-12-16T13:18:22","slug":"consejos-de-fisioterapia","status":"publish","type":"page","link":"https:\/\/fisioterapiaigualada.es\/es\/consejos-de-fisioterapia\/","title":{"rendered":"Blog"},"content":{"rendered":"\t\t<div data-elementor-type=\"wp-page\" data-elementor-id=\"4265\" class=\"elementor elementor-4265 elementor-4233\" data-elementor-post-type=\"page\">\n\t\t\t\t\t\t<section class=\"elementor-section elementor-top-section elementor-element elementor-element-e3f748d elementor-section-boxed elementor-section-height-default elementor-section-height-default\" data-id=\"e3f748d\" data-element_type=\"section\" data-e-type=\"section\" data-settings=\"{&quot;background_background&quot;:&quot;classic&quot;}\">\n\t\t\t\t\t\t\t<div class=\"elementor-background-overlay\"><\/div>\n\t\t\t\t\t\t\t<div class=\"elementor-container elementor-column-gap-default\">\n\t\t\t\t\t<div class=\"elementor-column elementor-col-100 elementor-top-column elementor-element elementor-element-dfa475d\" data-id=\"dfa475d\" data-element_type=\"column\" data-e-type=\"column\">\n\t\t\t<div class=\"elementor-widget-wrap\">\n\t\t\t\t\t\t\t<\/div>\n\t\t<\/div>\n\t\t\t\t\t<\/div>\n\t\t<\/section>\n\t\t\t\t<section class=\"elementor-section elementor-top-section elementor-element elementor-element-01a5d06 elementor-section-boxed elementor-section-height-default elementor-section-height-default\" data-id=\"01a5d06\" data-element_type=\"section\" data-e-type=\"section\" data-settings=\"{&quot;background_background&quot;:&quot;classic&quot;}\">\n\t\t\t\t\t\t<div class=\"elementor-container elementor-column-gap-default\">\n\t\t\t\t\t<div class=\"elementor-column elementor-col-100 elementor-top-column elementor-element elementor-element-6de5990\" data-id=\"6de5990\" data-element_type=\"column\" data-e-type=\"column\">\n\t\t\t<div class=\"elementor-widget-wrap elementor-element-populated\">\n\t\t\t\t\t\t<div class=\"elementor-element elementor-element-5cbc586 elementor-widget elementor-widget-heading\" data-id=\"5cbc586\" data-element_type=\"widget\" data-e-type=\"widget\" data-widget_type=\"heading.default\">\n\t\t\t\t<div class=\"elementor-widget-container\">\n\t\t\t\t\t<h1 class=\"elementor-heading-title elementor-size-default\">Consejos de Fisioterapia y Bienestar<\/h1>\t\t\t\t<\/div>\n\t\t\t\t<\/div>\n\t\t\t\t<div class=\"elementor-element elementor-element-9933115 elementor-grid-3 elementor-grid-tablet-2 elementor-grid-mobile-1 elementor-widget elementor-widget-loop-grid\" data-id=\"9933115\" data-element_type=\"widget\" data-e-type=\"widget\" data-settings=\"{&quot;template_id&quot;:4078,&quot;_skin&quot;:&quot;post&quot;,&quot;columns&quot;:&quot;3&quot;,&quot;columns_tablet&quot;:&quot;2&quot;,&quot;columns_mobile&quot;:&quot;1&quot;,&quot;edit_handle_selector&quot;:&quot;[data-elementor-type=\\&quot;loop-item\\&quot;]&quot;,&quot;row_gap&quot;:{&quot;unit&quot;:&quot;px&quot;,&quot;size&quot;:&quot;&quot;,&quot;sizes&quot;:[]},&quot;row_gap_widescreen&quot;:{&quot;unit&quot;:&quot;px&quot;,&quot;size&quot;:&quot;&quot;,&quot;sizes&quot;:[]},&quot;row_gap_laptop&quot;:{&quot;unit&quot;:&quot;px&quot;,&quot;size&quot;:&quot;&quot;,&quot;sizes&quot;:[]},&quot;row_gap_tablet_extra&quot;:{&quot;unit&quot;:&quot;px&quot;,&quot;size&quot;:&quot;&quot;,&quot;sizes&quot;:[]},&quot;row_gap_tablet&quot;:{&quot;unit&quot;:&quot;px&quot;,&quot;size&quot;:&quot;&quot;,&quot;sizes&quot;:[]},&quot;row_gap_mobile_extra&quot;:{&quot;unit&quot;:&quot;px&quot;,&quot;size&quot;:&quot;&quot;,&quot;sizes&quot;:[]},&quot;row_gap_mobile&quot;:{&quot;unit&quot;:&quot;px&quot;,&quot;size&quot;:&quot;&quot;,&quot;sizes&quot;:[]}}\" data-widget_type=\"loop-grid.post\">\n\t\t\t\t<div class=\"elementor-widget-container\">\n\t\t\t\t\t\t\t<div class=\"elementor-loop-container elementor-grid\" role=\"list\">\n\t\t<style id=\"loop-4078\">.elementor-widget-theme-post-featured-image .widget-image-caption{color:var( --e-global-color-text );font-family:var( --e-global-typography-text-font-family ), Sans-serif;font-weight:var( --e-global-typography-text-font-weight );}.elementor-4078 .elementor-element.elementor-element-892221a img{border-radius:20px 20px 20px 20px;}.elementor-widget-theme-post-title .elementor-heading-title{font-family:var( --e-global-typography-primary-font-family ), Sans-serif;font-weight:var( --e-global-typography-primary-font-weight );color:var( --e-global-color-primary );}.elementor-4078 .elementor-element.elementor-element-736bcd8{text-align:center;}.elementor-4078 .elementor-element.elementor-element-736bcd8 .elementor-heading-title{font-family:\"Domine\", Sans-serif;font-size:24px;font-weight:600;color:var( --e-global-color-text );}.elementor-widget-theme-post-excerpt .elementor-widget-container{font-family:var( --e-global-typography-text-font-family ), Sans-serif;font-weight:var( --e-global-typography-text-font-weight );color:var( --e-global-color-text );}.elementor-4078 .elementor-element.elementor-element-d62f20e .elementor-widget-container{text-align:center;}.elementor-widget-button .elementor-button{font-family:var( --e-global-typography-accent-font-family ), Sans-serif;font-weight:var( --e-global-typography-accent-font-weight );background-color:var( --e-global-color-accent );}.elementor-4078 .elementor-element.elementor-element-f0ac9e3 .elementor-button{font-family:\"Recoleta\", Sans-serif;font-weight:700;line-height:1em;fill:var( --e-global-color-text );color:var( --e-global-color-text );background-color:var( --e-global-color-secondary );border-style:solid;border-width:0px 10px 0px 10px;border-color:var( --e-global-color-secondary );border-radius:30px 30px 30px 30px;}.elementor-4078 .elementor-element.elementor-element-f0ac9e3 .elementor-button:hover, .elementor-4078 .elementor-element.elementor-element-f0ac9e3 .elementor-button:focus{color:var( --e-global-color-primary );background-color:var( --e-global-color-text );border-color:var( --e-global-color-text );}.elementor-4078 .elementor-element.elementor-element-f0ac9e3 .elementor-button:hover svg, .elementor-4078 .elementor-element.elementor-element-f0ac9e3 .elementor-button:focus svg{fill:var( --e-global-color-primary );}.elementor-4078 .elementor-element.elementor-element-f0ac9e3 > .elementor-widget-container{margin:0px 0px 0px 0px;padding:0px 0px 40px 0px;}@media(max-width:1024px){.elementor-4078 .elementor-element.elementor-element-f0ac9e3 > .elementor-widget-container{margin:0px 0px 0px 0px;padding:0px 0px 0px 0px;}}<\/style>\t\t<div data-elementor-type=\"loop-item\" data-elementor-id=\"4078\" class=\"elementor elementor-4078 e-loop-item e-loop-item-4168 post-4168 post type-post status-publish format-standard has-post-thumbnail hentry category-sin-categorizar\" data-elementor-post-type=\"elementor_library\" data-custom-edit-handle=\"1\">\n\t\t\t\t\t<section class=\"elementor-section elementor-top-section elementor-element elementor-element-152b0ab elementor-section-boxed elementor-section-height-default elementor-section-height-default\" data-id=\"152b0ab\" data-element_type=\"section\" data-e-type=\"section\">\n\t\t\t\t\t\t<div class=\"elementor-container elementor-column-gap-default\">\n\t\t\t\t\t<div class=\"elementor-column elementor-col-100 elementor-top-column elementor-element elementor-element-8b270da\" data-id=\"8b270da\" data-element_type=\"column\" data-e-type=\"column\">\n\t\t\t<div class=\"elementor-widget-wrap elementor-element-populated\">\n\t\t\t\t\t\t<div class=\"elementor-element elementor-element-892221a elementor-widget elementor-widget-theme-post-featured-image elementor-widget-image\" data-id=\"892221a\" data-element_type=\"widget\" data-e-type=\"widget\" data-widget_type=\"theme-post-featured-image.default\">\n\t\t\t\t<div class=\"elementor-widget-container\">\n\t\t\t\t\t\t\t\t\t\t\t\t\t\t\t<img fetchpriority=\"high\" decoding=\"async\" width=\"800\" height=\"511\" src=\"https:\/\/fisioterapiaigualada.es\/wp-content\/uploads\/2025\/12\/InspiraFisio_CarrouselBlog2.jpg\" class=\"attachment-large size-large wp-image-4339\" alt=\"\" srcset=\"https:\/\/fisioterapiaigualada.es\/wp-content\/uploads\/2025\/12\/InspiraFisio_CarrouselBlog2.jpg 1000w, https:\/\/fisioterapiaigualada.es\/wp-content\/uploads\/2025\/12\/InspiraFisio_CarrouselBlog2-300x192.jpg 300w, https:\/\/fisioterapiaigualada.es\/wp-content\/uploads\/2025\/12\/InspiraFisio_CarrouselBlog2-768x491.jpg 768w\" sizes=\"(max-width: 800px) 100vw, 800px\" \/>\t\t\t\t\t\t\t\t\t\t\t\t\t\t\t<\/div>\n\t\t\t\t<\/div>\n\t\t\t\t<div class=\"elementor-element elementor-element-736bcd8 elementor-widget elementor-widget-theme-post-title elementor-page-title elementor-widget-heading\" data-id=\"736bcd8\" data-element_type=\"widget\" data-e-type=\"widget\" data-widget_type=\"theme-post-title.default\">\n\t\t\t\t<div class=\"elementor-widget-container\">\n\t\t\t\t\t<h1 class=\"elementor-heading-title elementor-size-default\">El tratamiento post-quirurgic del Lligament Creuat Anterior. El cam\u00ed ideal cap a la millor readaptaci\u00f3.<\/h1>\t\t\t\t<\/div>\n\t\t\t\t<\/div>\n\t\t\t\t<div class=\"elementor-element elementor-element-d62f20e elementor-widget elementor-widget-theme-post-excerpt\" data-id=\"d62f20e\" data-element_type=\"widget\" data-e-type=\"widget\" data-widget_type=\"theme-post-excerpt.default\">\n\t\t\t\t<div class=\"elementor-widget-container\">\n\t\t\t\t\tSi est\u00e1s leyendo esto, probablemente el Ligamento Cruzado Anterior o LCA est\u00e1 teniendo m\u00e1s protagonismo del que te gustar\u00eda. Y si todav\u00eda no sabes mucho, te lo explicamos! \t\t\t\t<\/div>\n\t\t\t\t<\/div>\n\t\t\t\t<div class=\"elementor-element elementor-element-f0ac9e3 elementor-align-center elementor-invisible elementor-widget elementor-widget-button\" data-id=\"f0ac9e3\" data-element_type=\"widget\" data-e-type=\"widget\" data-settings=\"{&quot;_animation&quot;:&quot;fadeInUp&quot;}\" data-widget_type=\"button.default\">\n\t\t\t\t<div class=\"elementor-widget-container\">\n\t\t\t\t\t\t\t\t\t<div class=\"elementor-button-wrapper\">\n\t\t\t\t\t<a class=\"elementor-button elementor-button-link elementor-size-sm\" href=\"https:\/\/fisioterapiaigualada.es\/es\/el-post-quirurgico-del-ligamento-cruzado-anterior-el-camino-ideal-hacia-la-mejor-readaptacion\/\">\n\t\t\t\t\t\t<span class=\"elementor-button-content-wrapper\">\n\t\t\t\t\t\t\t\t\t<span class=\"elementor-button-text\">Leer el blog<\/span>\n\t\t\t\t\t<\/span>\n\t\t\t\t\t<\/a>\n\t\t\t\t<\/div>\n\t\t\t\t\t\t\t\t<\/div>\n\t\t\t\t<\/div>\n\t\t\t\t\t<\/div>\n\t\t<\/div>\n\t\t\t\t\t<\/div>\n\t\t<\/section>\n\t\t\t\t<\/div>\n\t\t\t\t<div data-elementor-type=\"loop-item\" data-elementor-id=\"4078\" class=\"elementor elementor-4078 e-loop-item e-loop-item-4166 post-4166 post type-post status-publish format-standard has-post-thumbnail hentry category-sin-categorizar\" data-elementor-post-type=\"elementor_library\" data-custom-edit-handle=\"1\">\n\t\t\t\t\t<section class=\"elementor-section elementor-top-section elementor-element elementor-element-152b0ab elementor-section-boxed elementor-section-height-default elementor-section-height-default\" data-id=\"152b0ab\" data-element_type=\"section\" data-e-type=\"section\">\n\t\t\t\t\t\t<div class=\"elementor-container elementor-column-gap-default\">\n\t\t\t\t\t<div class=\"elementor-column elementor-col-100 elementor-top-column elementor-element elementor-element-8b270da\" data-id=\"8b270da\" data-element_type=\"column\" data-e-type=\"column\">\n\t\t\t<div class=\"elementor-widget-wrap elementor-element-populated\">\n\t\t\t\t\t\t<div class=\"elementor-element elementor-element-892221a elementor-widget elementor-widget-theme-post-featured-image elementor-widget-image\" data-id=\"892221a\" data-element_type=\"widget\" data-e-type=\"widget\" data-widget_type=\"theme-post-featured-image.default\">\n\t\t\t\t<div class=\"elementor-widget-container\">\n\t\t\t\t\t\t\t\t\t\t\t\t\t\t\t<img decoding=\"async\" width=\"800\" height=\"534\" src=\"https:\/\/fisioterapiaigualada.es\/wp-content\/uploads\/2025\/12\/InspiraFisio_CarrouselBlog1.jpg\" class=\"attachment-large size-large wp-image-4337\" alt=\"\" srcset=\"https:\/\/fisioterapiaigualada.es\/wp-content\/uploads\/2025\/12\/InspiraFisio_CarrouselBlog1.jpg 1000w, https:\/\/fisioterapiaigualada.es\/wp-content\/uploads\/2025\/12\/InspiraFisio_CarrouselBlog1-300x200.jpg 300w, https:\/\/fisioterapiaigualada.es\/wp-content\/uploads\/2025\/12\/InspiraFisio_CarrouselBlog1-768x512.jpg 768w\" sizes=\"(max-width: 800px) 100vw, 800px\" \/>\t\t\t\t\t\t\t\t\t\t\t\t\t\t\t<\/div>\n\t\t\t\t<\/div>\n\t\t\t\t<div class=\"elementor-element elementor-element-736bcd8 elementor-widget elementor-widget-theme-post-title elementor-page-title elementor-widget-heading\" data-id=\"736bcd8\" data-element_type=\"widget\" data-e-type=\"widget\" data-widget_type=\"theme-post-title.default\">\n\t\t\t\t<div class=\"elementor-widget-container\">\n\t\t\t\t\t<h1 class=\"elementor-heading-title elementor-size-default\">C\u00f3mo tratar un esguince de tobillo, recuperamos tus pasos.<\/h1>\t\t\t\t<\/div>\n\t\t\t\t<\/div>\n\t\t\t\t<div class=\"elementor-element elementor-element-d62f20e elementor-widget elementor-widget-theme-post-excerpt\" data-id=\"d62f20e\" data-element_type=\"widget\" data-e-type=\"widget\" data-widget_type=\"theme-post-excerpt.default\">\n\t\t\t\t<div class=\"elementor-widget-container\">\n\t\t\t\t\t\u00bfTe has torcido alguna vez el tobillo, ya sea practicando deporte o simplemente caminando por la calle? En ese momento puede parecer s\u00f3lo un peque\u00f1o percance, pero lo cierto es que un esguince de tobillo puede afectar mucho m\u00e1s que tu pie.  \t\t\t\t<\/div>\n\t\t\t\t<\/div>\n\t\t\t\t<div class=\"elementor-element elementor-element-f0ac9e3 elementor-align-center elementor-invisible elementor-widget elementor-widget-button\" data-id=\"f0ac9e3\" data-element_type=\"widget\" data-e-type=\"widget\" data-settings=\"{&quot;_animation&quot;:&quot;fadeInUp&quot;}\" data-widget_type=\"button.default\">\n\t\t\t\t<div class=\"elementor-widget-container\">\n\t\t\t\t\t\t\t\t\t<div class=\"elementor-button-wrapper\">\n\t\t\t\t\t<a class=\"elementor-button elementor-button-link elementor-size-sm\" href=\"https:\/\/fisioterapiaigualada.es\/es\/como-tratar-un-esguince-de-tobillo-recuperamos-tus-pasos\/\">\n\t\t\t\t\t\t<span class=\"elementor-button-content-wrapper\">\n\t\t\t\t\t\t\t\t\t<span class=\"elementor-button-text\">Leer el blog<\/span>\n\t\t\t\t\t<\/span>\n\t\t\t\t\t<\/a>\n\t\t\t\t<\/div>\n\t\t\t\t\t\t\t\t<\/div>\n\t\t\t\t<\/div>\n\t\t\t\t\t<\/div>\n\t\t<\/div>\n\t\t\t\t\t<\/div>\n\t\t<\/section>\n\t\t\t\t<\/div>\n\t\t\t\t<\/div>\n\t\t\n\t\t\t\t\t\t<\/div>\n\t\t\t\t<\/div>\n\t\t\t\t\t<\/div>\n\t\t<\/div>\n\t\t\t\t\t<\/div>\n\t\t<\/section>\n\t\t\t\t<section class=\"elementor-section elementor-top-section elementor-element elementor-element-00a4f8c elementor-section-height-min-height elementor-section-full_width elementor-section-height-default elementor-section-items-middle\" data-id=\"00a4f8c\" data-element_type=\"section\" data-e-type=\"section\">\n\t\t\t\t\t\t<div class=\"elementor-container elementor-column-gap-default\">\n\t\t\t\t\t<div class=\"elementor-column elementor-col-100 elementor-top-column elementor-element elementor-element-a98f3aa\" data-id=\"a98f3aa\" data-element_type=\"column\" data-e-type=\"column\">\n\t\t\t<div class=\"elementor-widget-wrap elementor-element-populated\">\n\t\t\t\t\t\t<div class=\"elementor-element elementor-element-189e87d elementor--h-position-center elementor--v-position-middle elementor-arrows-position-inside elementor-widget elementor-widget-slides\" data-id=\"189e87d\" data-element_type=\"widget\" data-e-type=\"widget\" data-settings=\"{&quot;navigation&quot;:&quot;arrows&quot;,&quot;autoplay&quot;:&quot;yes&quot;,&quot;pause_on_hover&quot;:&quot;yes&quot;,&quot;pause_on_interaction&quot;:&quot;yes&quot;,&quot;autoplay_speed&quot;:5000,&quot;infinite&quot;:&quot;yes&quot;,&quot;transition&quot;:&quot;slide&quot;,&quot;transition_speed&quot;:500}\" data-widget_type=\"slides.default\">\n\t\t\t\t<div class=\"elementor-widget-container\">\n\t\t\t\t\t\t\t\t\t<div class=\"elementor-swiper\">\n\t\t\t\t\t<div class=\"elementor-slides-wrapper elementor-main-swiper swiper\" role=\"region\" aria-roledescription=\"carousel\" aria-label=\"Diapositives\" dir=\"ltr\" data-animation=\"fadeInUp\">\n\t\t\t\t<div class=\"swiper-wrapper elementor-slides\">\n\t\t\t\t\t\t\t\t\t\t<div class=\"elementor-repeater-item-b848017 swiper-slide\" role=\"group\" aria-roledescription=\"slide\"><div class=\"swiper-slide-bg\" role=\"img\" aria-label=\"InspiraFisio_CarrouselBlog1\"><\/div><div class=\"swiper-slide-inner\" ><div class=\"swiper-slide-contents\"><\/div><\/div><\/div><div class=\"elementor-repeater-item-9e6e051 swiper-slide\" role=\"group\" aria-roledescription=\"slide\"><div class=\"swiper-slide-bg\" role=\"img\" aria-label=\"InspiraFisio_CarrouselBlog2\"><\/div><div class=\"swiper-slide-inner\" ><div class=\"swiper-slide-contents\"><\/div><\/div><\/div><div class=\"elementor-repeater-item-f0ec3f0 swiper-slide\" role=\"group\" aria-roledescription=\"slide\"><div class=\"swiper-slide-bg\" role=\"img\" aria-label=\"InspiraFisio_CarrouselBlog3\"><\/div><div class=\"swiper-slide-inner\" ><div class=\"swiper-slide-contents\"><\/div><\/div><\/div><div class=\"elementor-repeater-item-a95e8ed swiper-slide\" role=\"group\" aria-roledescription=\"slide\"><div class=\"swiper-slide-bg\" role=\"img\" aria-label=\"InspiraFisio_CarrouselBlog4\"><\/div><div class=\"swiper-slide-inner\" ><div class=\"swiper-slide-contents\"><\/div><\/div><\/div><div class=\"elementor-repeater-item-a80f262 swiper-slide\" role=\"group\" aria-roledescription=\"slide\"><div class=\"swiper-slide-bg\" role=\"img\" aria-label=\"InspiraFisio_CarrouselBlog5\"><\/div><div class=\"swiper-slide-inner\" ><div class=\"swiper-slide-contents\"><\/div><\/div><\/div><div class=\"elementor-repeater-item-964c081 swiper-slide\" role=\"group\" aria-roledescription=\"slide\"><div class=\"swiper-slide-bg\" role=\"img\" aria-label=\"InspiraFisio_CarrouselBlog6\"><\/div><div class=\"swiper-slide-inner\" ><div class=\"swiper-slide-contents\"><\/div><\/div><\/div><div class=\"elementor-repeater-item-0ab6507 swiper-slide\" role=\"group\" aria-roledescription=\"slide\"><div class=\"swiper-slide-bg\" role=\"img\" aria-label=\"InspiraFisio_CarrouselBlog7\"><\/div><div class=\"swiper-slide-inner\" ><div class=\"swiper-slide-contents\"><\/div><\/div><\/div>\t\t\t\t<\/div>\n\t\t\t\t\t\t\t\t\t\t\t\t\t\t\t<div class=\"elementor-swiper-button elementor-swiper-button-prev\" role=\"button\" tabindex=\"0\" aria-label=\"Diapositiva anterior\">\n\t\t\t\t\t\t\t<i aria-hidden=\"true\" class=\"eicon-chevron-left\"><\/i>\t\t\t\t\t\t<\/div>\n\t\t\t\t\t\t<div class=\"elementor-swiper-button elementor-swiper-button-next\" role=\"button\" tabindex=\"0\" aria-label=\"Diapositiva siguiente\">\n\t\t\t\t\t\t\t<i aria-hidden=\"true\" class=\"eicon-chevron-right\"><\/i>\t\t\t\t\t\t<\/div>\n\t\t\t\t\t\t\t\t\t\t\t\t\t\t\t\t\t<\/div>\n\t\t\t\t<\/div>\n\t\t\t\t\t\t\t\t<\/div>\n\t\t\t\t<\/div>\n\t\t\t\t\t<\/div>\n\t\t<\/div>\n\t\t\t\t\t<\/div>\n\t\t<\/section>\n\t\t\t\t<\/div>\n\t\t","protected":false},"excerpt":{"rendered":"<p>Consejos de Fisioterapia y Bienestar<\/p>\n","protected":false},"author":7,"featured_media":0,"parent":0,"menu_order":0,"comment_status":"closed","ping_status":"closed","template":"elementor_header_footer","meta":{"_acf_changed":false,"_joinchat":[],"footnotes":""},"class_list":["post-4265","page","type-page","status-publish","hentry"],"acf":[],"yoast_head":"<!-- This site is optimized with the Yoast SEO plugin v27.4 - https:\/\/yoast.com\/product\/yoast-seo-wordpress\/ -->\n<title>Consejos de Fisioterapia | Salud y Bienestar<\/title>\n<meta name=\"description\" content=\"Consejos de fisioterapia para prevenir lesiones, mejorar la movilidad y cuidar tu cuerpo con recomendaciones profesionales.\" \/>\n<meta name=\"robots\" content=\"index, follow, max-snippet:-1, max-image-preview:large, max-video-preview:-1\" \/>\n<link rel=\"canonical\" href=\"https:\/\/fisioterapiaigualada.es\/es\/consejos-de-fisioterapia\/\" \/>\n<meta property=\"og:locale\" content=\"es_ES\" \/>\n<meta property=\"og:type\" content=\"article\" \/>\n<meta property=\"og:title\" content=\"Consejos de Fisioterapia | Salud y Bienestar\" \/>\n<meta property=\"og:description\" content=\"Consejos de fisioterapia para prevenir lesiones, mejorar la movilidad y cuidar tu cuerpo con recomendaciones profesionales.\" \/>\n<meta property=\"og:url\" content=\"https:\/\/fisioterapiaigualada.es\/es\/consejos-de-fisioterapia\/\" \/>\n<meta property=\"og:site_name\" content=\"Inspira - Fisioter\u00e0pia esport\" \/>\n<meta property=\"article:modified_time\" content=\"2025-12-16T13:18:22+00:00\" \/>\n<meta name=\"twitter:card\" content=\"summary_large_image\" \/>\n<script type=\"application\/ld+json\" class=\"yoast-schema-graph\">{\"@context\":\"https:\\\/\\\/schema.org\",\"@graph\":[{\"@type\":\"WebPage\",\"@id\":\"https:\\\/\\\/fisioterapiaigualada.es\\\/es\\\/consejos-de-fisioterapia\\\/\",\"url\":\"https:\\\/\\\/fisioterapiaigualada.es\\\/es\\\/consejos-de-fisioterapia\\\/\",\"name\":\"Consejos de Fisioterapia | Salud y Bienestar\",\"isPartOf\":{\"@id\":\"https:\\\/\\\/darkseagreen-hawk-363245.hostingersite.com\\\/#website\"},\"datePublished\":\"2025-12-05T15:30:14+00:00\",\"dateModified\":\"2025-12-16T13:18:22+00:00\",\"description\":\"Consejos de fisioterapia para prevenir lesiones, mejorar la movilidad y cuidar tu cuerpo con recomendaciones profesionales.\",\"breadcrumb\":{\"@id\":\"https:\\\/\\\/fisioterapiaigualada.es\\\/es\\\/consejos-de-fisioterapia\\\/#breadcrumb\"},\"inLanguage\":\"es\",\"potentialAction\":[{\"@type\":\"ReadAction\",\"target\":[\"https:\\\/\\\/fisioterapiaigualada.es\\\/es\\\/consejos-de-fisioterapia\\\/\"]}]},{\"@type\":\"BreadcrumbList\",\"@id\":\"https:\\\/\\\/fisioterapiaigualada.es\\\/es\\\/consejos-de-fisioterapia\\\/#breadcrumb\",\"itemListElement\":[{\"@type\":\"ListItem\",\"position\":1,\"name\":\"Portada\",\"item\":\"https:\\\/\\\/fisioterapiaigualada.es\\\/es\\\/\"},{\"@type\":\"ListItem\",\"position\":2,\"name\":\"Blog\"}]},{\"@type\":\"WebSite\",\"@id\":\"https:\\\/\\\/darkseagreen-hawk-363245.hostingersite.com\\\/#website\",\"url\":\"https:\\\/\\\/darkseagreen-hawk-363245.hostingersite.com\\\/\",\"name\":\"Inspira - Fisioter\u00e0pia esport\",\"description\":\"\",\"potentialAction\":[{\"@type\":\"SearchAction\",\"target\":{\"@type\":\"EntryPoint\",\"urlTemplate\":\"https:\\\/\\\/darkseagreen-hawk-363245.hostingersite.com\\\/?s={search_term_string}\"},\"query-input\":{\"@type\":\"PropertyValueSpecification\",\"valueRequired\":true,\"valueName\":\"search_term_string\"}}],\"inLanguage\":\"es\"}]}<\/script>\n<!-- \/ Yoast SEO plugin. -->","yoast_head_json":{"title":"Consejos de Fisioterapia | Salud y Bienestar","description":"Consejos de fisioterapia para prevenir lesiones, mejorar la movilidad y cuidar tu cuerpo con recomendaciones profesionales.","robots":{"index":"index","follow":"follow","max-snippet":"max-snippet:-1","max-image-preview":"max-image-preview:large","max-video-preview":"max-video-preview:-1"},"canonical":"https:\/\/fisioterapiaigualada.es\/es\/consejos-de-fisioterapia\/","og_locale":"es_ES","og_type":"article","og_title":"Consejos de Fisioterapia | Salud y Bienestar","og_description":"Consejos de fisioterapia para prevenir lesiones, mejorar la movilidad y cuidar tu cuerpo con recomendaciones profesionales.","og_url":"https:\/\/fisioterapiaigualada.es\/es\/consejos-de-fisioterapia\/","og_site_name":"Inspira - Fisioter\u00e0pia esport","article_modified_time":"2025-12-16T13:18:22+00:00","twitter_card":"summary_large_image","schema":{"@context":"https:\/\/schema.org","@graph":[{"@type":"WebPage","@id":"https:\/\/fisioterapiaigualada.es\/es\/consejos-de-fisioterapia\/","url":"https:\/\/fisioterapiaigualada.es\/es\/consejos-de-fisioterapia\/","name":"Consejos de Fisioterapia | Salud y Bienestar","isPartOf":{"@id":"https:\/\/darkseagreen-hawk-363245.hostingersite.com\/#website"},"datePublished":"2025-12-05T15:30:14+00:00","dateModified":"2025-12-16T13:18:22+00:00","description":"Consejos de fisioterapia para prevenir lesiones, mejorar la movilidad y cuidar tu cuerpo con recomendaciones profesionales.","breadcrumb":{"@id":"https:\/\/fisioterapiaigualada.es\/es\/consejos-de-fisioterapia\/#breadcrumb"},"inLanguage":"es","potentialAction":[{"@type":"ReadAction","target":["https:\/\/fisioterapiaigualada.es\/es\/consejos-de-fisioterapia\/"]}]},{"@type":"BreadcrumbList","@id":"https:\/\/fisioterapiaigualada.es\/es\/consejos-de-fisioterapia\/#breadcrumb","itemListElement":[{"@type":"ListItem","position":1,"name":"Portada","item":"https:\/\/fisioterapiaigualada.es\/es\/"},{"@type":"ListItem","position":2,"name":"Blog"}]},{"@type":"WebSite","@id":"https:\/\/darkseagreen-hawk-363245.hostingersite.com\/#website","url":"https:\/\/darkseagreen-hawk-363245.hostingersite.com\/","name":"Inspira - Fisioter\u00e0pia esport","description":"","potentialAction":[{"@type":"SearchAction","target":{"@type":"EntryPoint","urlTemplate":"https:\/\/darkseagreen-hawk-363245.hostingersite.com\/?s={search_term_string}"},"query-input":{"@type":"PropertyValueSpecification","valueRequired":true,"valueName":"search_term_string"}}],"inLanguage":"es"}]}},"_links":{"self":[{"href":"https:\/\/fisioterapiaigualada.es\/es\/wp-json\/wp\/v2\/pages\/4265","targetHints":{"allow":["GET"]}}],"collection":[{"href":"https:\/\/fisioterapiaigualada.es\/es\/wp-json\/wp\/v2\/pages"}],"about":[{"href":"https:\/\/fisioterapiaigualada.es\/es\/wp-json\/wp\/v2\/types\/page"}],"author":[{"embeddable":true,"href":"https:\/\/fisioterapiaigualada.es\/es\/wp-json\/wp\/v2\/users\/7"}],"replies":[{"embeddable":true,"href":"https:\/\/fisioterapiaigualada.es\/es\/wp-json\/wp\/v2\/comments?post=4265"}],"version-history":[{"count":4,"href":"https:\/\/fisioterapiaigualada.es\/es\/wp-json\/wp\/v2\/pages\/4265\/revisions"}],"predecessor-version":[{"id":4895,"href":"https:\/\/fisioterapiaigualada.es\/es\/wp-json\/wp\/v2\/pages\/4265\/revisions\/4895"}],"wp:attachment":[{"href":"https:\/\/fisioterapiaigualada.es\/es\/wp-json\/wp\/v2\/media?parent=4265"}],"curies":[{"name":"wp","href":"https:\/\/api.w.org\/{rel}","templated":true}]}}